{"id":2,"date":"2021-11-17T16:26:44","date_gmt":"2021-11-17T16:26:44","guid":{"rendered":"https:\/\/statueparlanti.aacsrm.it\/?page_id=2"},"modified":"2022-08-02T18:03:20","modified_gmt":"2022-08-02T18:03:20","slug":"home","status":"publish","type":"page","link":"https:\/\/statueparlanti.aacsrm.it\/","title":{"rendered":"Home"},"content":{"rendered":"<div class='flex_column av-996s-d9a58e57f50175861c4a47c1d3604f02 av_one_full  avia-builder-el-0  el_before_av_hr  avia-builder-el-first  first flex_column_div '   ><section  class='av_textblock_section av-kw685r6f-4d4b6999d5ab83fd0b85d4827482903d '  itemscope=\"itemscope\" itemtype=\"https:\/\/schema.org\/CreativeWork\" ><div class='avia_textblock '  itemprop=\"text\" ><h1 style=\"text-align: center;\"><strong>Le Statue Parlanti di Roma<\/strong><\/h1>\n<div>\n<h5 style=\"text-align: justify;\">Madama Lucrezia,\u00a0il Facchino, Marforio, l&#8217;Abate Luigi, Pasquino,\u00a0il Babuino. Per secoli sono stati la voce implacabile e sarcastica che sbeffeggiava il potere a Roma. Autori anonimi affidavano\u00a0a questi antichi busti in marmo la libert\u00e0 di pensiero e di parola che la censura non concedeva. Cos\u00ec le Statue parlanti sono diventate il simbolo di una citt\u00e0 che nelle sue espressioni pi\u00f9 profonde non ama fare sconti a nessuno.<\/h5>\n<h5 style=\"text-align: justify;\">Antesignane di tutti i social, con il tempo le statue sono tornate ad essere solo lo splendido ornamento delle nostre strade. Un ornamento per\u00f2 che a mano a mano \u00e8 stato intaccato da tutti i segni del tempo.<\/h5>\n<h5 style=\"text-align: justify;\">Tra il 2009 e il 2010, l&#8217;Associazione Abitanti Centro storico di Roma ha deciso di rimuovere la patina e i danni del tempo per restituire a quattro delle sei statue parlanti lo splendore dei secoli passati. Il restauro, su progetto di Giulia Silvia Ghia, eseguito dalle imprese A.t.i. Ghia ed Equilibrarte, con la collaborazione esecutiva di Sabrina De Sio, Alessio Gazzola e Patrizia Simonetti, le analisi fisiche di Arsmensurae\u00a0e le analisi mineralogiche di Domenico Poggi, \u00e8 durato circa un anno. Questo sito web raccoglie le fasi e la cronaca di questa piccola grande impresa. Un atto d&#8217;amore e rispetto per la preziosa bellezza di Roma.<\/h5>\n<\/div>\n<\/div><\/section><\/div>\n<style type=\"text\/css\" data-created_by=\"avia_inline_auto\" id=\"style-css-av-kwksprsk-66abe24ad4c706032ebfc0a288e0dc28\">\n#top .hr.hr-invisible.av-kwksprsk-66abe24ad4c706032ebfc0a288e0dc28{\nheight:50px;\n}\n<\/style>\n<div  class='hr av-kwksprsk-66abe24ad4c706032ebfc0a288e0dc28 hr-invisible  avia-builder-el-2  el_after_av_one_full  el_before_av_video   av-medium-hide av-small-hide av-mini-hide'><span class='hr-inner '><span class=\"hr-inner-style\"><\/span><\/span><\/div><\/p>\n<div  class='avia-video av-kwksgpby-18d2edfa4581e16f98f53f0131b1532d avia-video-16-9 av-lazyload-immediate av-lazyload-video-embed '  itemprop=\"video\" itemtype=\"https:\/\/schema.org\/VideoObject\"  data-original_url='https:\/\/youtu.be\/pmaDKKxDCQk'><script type='text\/html' class='av-video-tmpl'><div class='avia-iframe-wrap'><iframe loading=\"lazy\" title=\"AACS Restauro Statue Parlanti\" width=\"1333\" height=\"1000\" src=\"https:\/\/www.youtube.com\/embed\/pmaDKKxDCQk?feature=oembed&autoplay=0&loop=0&controls=1&mute=0\" frameborder=\"0\" allow=\"accelerometer; autoplay; clipboard-write; encrypted-media; gyroscope; picture-in-picture\" allowfullscreen><\/iframe><\/div><\/script><div class='av-click-to-play-overlay'><div class=\"avia_playpause_icon\"><\/div><\/div><\/div>\n","protected":false},"excerpt":{"rendered":"","protected":false},"author":1,"featured_media":0,"parent":0,"menu_order":0,"comment_status":"closed","ping_status":"open","template":"","meta":{"footnotes":""},"yoast_head":"<!-- This site is optimized with the Yoast SEO plugin v23.5 - https:\/\/yoast.com\/wordpress\/plugins\/seo\/ -->\n<title>Home - Statue Parlanti Roma<\/title>\n<meta name=\"robots\" content=\"index, follow, max-snippet:-1, max-image-preview:large, max-video-preview:-1\" \/>\n<link rel=\"canonical\" href=\"https:\/\/statueparlanti.aacsrm.it\/\" \/>\n<meta property=\"og:locale\" content=\"it_IT\" \/>\n<meta property=\"og:type\" content=\"article\" \/>\n<meta property=\"og:title\" content=\"Home - Statue Parlanti Roma\" \/>\n<meta property=\"og:url\" content=\"https:\/\/statueparlanti.aacsrm.it\/\" \/>\n<meta property=\"og:site_name\" content=\"Statue Parlanti Roma\" \/>\n<meta property=\"article:modified_time\" content=\"2022-08-02T18:03:20+00:00\" \/>\n<meta name=\"twitter:card\" content=\"summary_large_image\" \/>\n<meta name=\"twitter:label1\" content=\"Tempo di lettura stimato\" \/>\n\t<meta name=\"twitter:data1\" content=\"2 minuti\" \/>\n<script type=\"application\/ld+json\" class=\"yoast-schema-graph\">{\"@context\":\"https:\/\/schema.org\",\"@graph\":[{\"@type\":\"WebPage\",\"@id\":\"https:\/\/statueparlanti.aacsrm.it\/\",\"url\":\"https:\/\/statueparlanti.aacsrm.it\/\",\"name\":\"Home - Statue Parlanti Roma\",\"isPartOf\":{\"@id\":\"https:\/\/statueparlanti.aacsrm.it\/#website\"},\"datePublished\":\"2021-11-17T16:26:44+00:00\",\"dateModified\":\"2022-08-02T18:03:20+00:00\",\"breadcrumb\":{\"@id\":\"https:\/\/statueparlanti.aacsrm.it\/#breadcrumb\"},\"inLanguage\":\"it-IT\",\"potentialAction\":[{\"@type\":\"ReadAction\",\"target\":[\"https:\/\/statueparlanti.aacsrm.it\/\"]}]},{\"@type\":\"BreadcrumbList\",\"@id\":\"https:\/\/statueparlanti.aacsrm.it\/#breadcrumb\",\"itemListElement\":[{\"@type\":\"ListItem\",\"position\":1,\"name\":\"Home\",\"item\":\"https:\/\/statueparlanti.aacsrm.it\/\"},{\"@type\":\"ListItem\",\"position\":2,\"name\":\"Home\"}]},{\"@type\":\"WebSite\",\"@id\":\"https:\/\/statueparlanti.aacsrm.it\/#website\",\"url\":\"https:\/\/statueparlanti.aacsrm.it\/\",\"name\":\"Statue Parlanti Roma\",\"description\":\"Il restauro ad opera dell&#039;AACS di Roma\",\"potentialAction\":[{\"@type\":\"SearchAction\",\"target\":{\"@type\":\"EntryPoint\",\"urlTemplate\":\"https:\/\/statueparlanti.aacsrm.it\/?s={search_term_string}\"},\"query-input\":{\"@type\":\"PropertyValueSpecification\",\"valueRequired\":true,\"valueName\":\"search_term_string\"}}],\"inLanguage\":\"it-IT\"}]}<\/script>\n<!-- \/ Yoast SEO plugin. -->","yoast_head_json":{"title":"Home - Statue Parlanti Roma","robots":{"index":"index","follow":"follow","max-snippet":"max-snippet:-1","max-image-preview":"max-image-preview:large","max-video-preview":"max-video-preview:-1"},"canonical":"https:\/\/statueparlanti.aacsrm.it\/","og_locale":"it_IT","og_type":"article","og_title":"Home - Statue Parlanti Roma","og_url":"https:\/\/statueparlanti.aacsrm.it\/","og_site_name":"Statue Parlanti Roma","article_modified_time":"2022-08-02T18:03:20+00:00","twitter_card":"summary_large_image","twitter_misc":{"Tempo di lettura stimato":"2 minuti"},"schema":{"@context":"https:\/\/schema.org","@graph":[{"@type":"WebPage","@id":"https:\/\/statueparlanti.aacsrm.it\/","url":"https:\/\/statueparlanti.aacsrm.it\/","name":"Home - Statue Parlanti Roma","isPartOf":{"@id":"https:\/\/statueparlanti.aacsrm.it\/#website"},"datePublished":"2021-11-17T16:26:44+00:00","dateModified":"2022-08-02T18:03:20+00:00","breadcrumb":{"@id":"https:\/\/statueparlanti.aacsrm.it\/#breadcrumb"},"inLanguage":"it-IT","potentialAction":[{"@type":"ReadAction","target":["https:\/\/statueparlanti.aacsrm.it\/"]}]},{"@type":"BreadcrumbList","@id":"https:\/\/statueparlanti.aacsrm.it\/#breadcrumb","itemListElement":[{"@type":"ListItem","position":1,"name":"Home","item":"https:\/\/statueparlanti.aacsrm.it\/"},{"@type":"ListItem","position":2,"name":"Home"}]},{"@type":"WebSite","@id":"https:\/\/statueparlanti.aacsrm.it\/#website","url":"https:\/\/statueparlanti.aacsrm.it\/","name":"Statue Parlanti Roma","description":"Il restauro ad opera dell&#039;AACS di Roma","potentialAction":[{"@type":"SearchAction","target":{"@type":"EntryPoint","urlTemplate":"https:\/\/statueparlanti.aacsrm.it\/?s={search_term_string}"},"query-input":{"@type":"PropertyValueSpecification","valueRequired":true,"valueName":"search_term_string"}}],"inLanguage":"it-IT"}]}},"_links":{"self":[{"href":"https:\/\/statueparlanti.aacsrm.it\/index.php?rest_route=\/wp\/v2\/pages\/2"}],"collection":[{"href":"https:\/\/statueparlanti.aacsrm.it\/index.php?rest_route=\/wp\/v2\/pages"}],"about":[{"href":"https:\/\/statueparlanti.aacsrm.it\/index.php?rest_route=\/wp\/v2\/types\/page"}],"author":[{"embeddable":true,"href":"https:\/\/statueparlanti.aacsrm.it\/index.php?rest_route=\/wp\/v2\/users\/1"}],"replies":[{"embeddable":true,"href":"https:\/\/statueparlanti.aacsrm.it\/index.php?rest_route=%2Fwp%2Fv2%2Fcomments&post=2"}],"version-history":[{"count":8,"href":"https:\/\/statueparlanti.aacsrm.it\/index.php?rest_route=\/wp\/v2\/pages\/2\/revisions"}],"predecessor-version":[{"id":277,"href":"https:\/\/statueparlanti.aacsrm.it\/index.php?rest_route=\/wp\/v2\/pages\/2\/revisions\/277"}],"wp:attachment":[{"href":"https:\/\/statueparlanti.aacsrm.it\/index.php?rest_route=%2Fwp%2Fv2%2Fmedia&parent=2"}],"curies":[{"name":"wp","href":"https:\/\/api.w.org\/{rel}","templated":true}]}}